{"id":2,"date":"2020-04-16T14:25:20","date_gmt":"2020-04-16T14:25:20","guid":{"rendered":"http:\/\/gsmconsult.com.br\/?page_id=2"},"modified":"2020-11-05T16:11:47","modified_gmt":"2020-11-05T16:11:47","slug":"home","status":"publish","type":"page","link":"https:\/\/gsmconsult.com.br\/","title":{"rendered":"Home"},"content":{"rendered":"<!--themify-builder:block-->","protected":false},"excerpt":{"rendered":"","protected":false},"author":1,"featured_media":0,"parent":0,"menu_order":0,"comment_status":"closed","ping_status":"closed","template":"","meta":[],"builder_content":"<h1 style=\"text-align: center;\"><strong>GEST\u00c3O SOB MEDIDA<\/strong><\/h1>\n<h3>PORTIF\u00d3LIO<\/h3> <p style=\"text-align: center;\">Clique nas imagens para visualizar os Dashboards em ambiente de produ\u00e7\u00e3o.<\/p>\n<h3>Dist. de Alimentos e Bebidas<\/h3> <a href=\"https:\/\/app.powerbi.com\/view?r=eyJrIjoiNTEzNDJiZjQtMmQ2OS00MzhhLWFkNTItMzE5ODUwZWEzNTMxIiwidCI6ImIwMWRhNGE3LWFhNzQtNGE0NC04ODNjLWI3MzMzZTJhOGE1YSJ9\" rel=\"noopener\" target=\"_blank\" > <img width=\"899\" height=\"506\" src=\"https:\/\/gsmconsult.com.br\/wp-content\/uploads\/2020\/11\/Simulador.png\" title=\"Simulador\" alt=\"Simulador\" srcset=\"https:\/\/gsmconsult.com.br\/wp-content\/uploads\/2020\/11\/Simulador.png 899w, https:\/\/gsmconsult.com.br\/wp-content\/uploads\/2020\/11\/Simulador-300x169.png 300w, https:\/\/gsmconsult.com.br\/wp-content\/uploads\/2020\/11\/Simulador-768x432.png 768w\" sizes=\"(max-width: 899px) 100vw, 899px\" \/> <\/a>\n<p>Criamos um Demonstrativo de Fluxo de Caixa, visualiza\u00e7\u00e3o das margens de contribui\u00e7\u00e3o por produto e por fornecedor e como grande diferencial, um <strong>SIMULADOR de vari\u00e1veis de Neg\u00f3cio<\/strong> para facilitar tomadas de decis\u00e3o.<\/p>\n<h3>Contas a Pagar e a Receber<\/h3> <a href=\"https:\/\/app.powerbi.com\/view?r=eyJrIjoiODRlNzg2YTMtN2JmMi00NGIzLTk3MTEtYWQwNzRkMzU4M2NjIiwidCI6ImIwMWRhNGE3LWFhNzQtNGE0NC04ODNjLWI3MzMzZTJhOGE1YSJ9&#038;pageName=ReportSectionb7827d9a9117d3e7817b\" rel=\"noopener\" target=\"_blank\" > <img width=\"1103\" height=\"619\" src=\"https:\/\/gsmconsult.com.br\/wp-content\/uploads\/2020\/10\/A-Pagar-e-a-Receber.png\" title=\"A Pagar e a Receber\" alt=\"A Pagar e a Receber\" srcset=\"https:\/\/gsmconsult.com.br\/wp-content\/uploads\/2020\/10\/A-Pagar-e-a-Receber.png 1103w, https:\/\/gsmconsult.com.br\/wp-content\/uploads\/2020\/10\/A-Pagar-e-a-Receber-1024x575.png 1024w, https:\/\/gsmconsult.com.br\/wp-content\/uploads\/2020\/10\/A-Pagar-e-a-Receber-768x431.png 768w\" sizes=\"(max-width: 1103px) 100vw, 1103px\" \/> <\/a>\n<p>Pode-se visualizar a evolu\u00e7\u00e3o das contas al\u00e9m de filtrar por filial, por per\u00edodo, por regi\u00e3o, por canal de venda,etc.<\/p>\n<h3>Controle de Indicadores RH<\/h3> <a href=\"https:\/\/app.powerbi.com\/view?r=eyJrIjoiMTcxMjRhNTgtMGEzYi00NTQ3LWJjYzgtNzgzNWE0MWEwMDEyIiwidCI6ImIwMWRhNGE3LWFhNzQtNGE0NC04ODNjLWI3MzMzZTJhOGE1YSJ9&#038;pageName=ReportSectiona297f3a33eaa1e880415\" rel=\"noopener\" target=\"_blank\" > <img width=\"890\" height=\"509\" src=\"https:\/\/gsmconsult.com.br\/wp-content\/uploads\/2020\/10\/RH.png\" title=\"RH\" alt=\"RH\" srcset=\"https:\/\/gsmconsult.com.br\/wp-content\/uploads\/2020\/10\/RH.png 890w, https:\/\/gsmconsult.com.br\/wp-content\/uploads\/2020\/10\/RH-768x439.png 768w\" sizes=\"(max-width: 890px) 100vw, 890px\" \/> <\/a>\n<p>Turnover, Absente\u00edsmo, Colaboradores Ativos, Contrata\u00e7\u00f5es, Desligamentos, Bebef\u00edcios, Treinamentos, etc.<br \/>Detalhes de cada colaborador, tais como: foto, endere\u00e7o, sal\u00e1rio e bebef\u00edcios<\/p>\n<h3>Empresa de Log\u00edstica<\/h3> <a href=\"https:\/\/app.powerbi.com\/view?r=eyJrIjoiZDAyMTQzMzItNDUyMi00ODQ4LTljODEtZmYxYTA4ZDY0NTkyIiwidCI6ImIwMWRhNGE3LWFhNzQtNGE0NC04ODNjLWI3MzMzZTJhOGE1YSJ9\" rel=\"noopener\" target=\"_blank\" > <img width=\"925\" height=\"506\" src=\"https:\/\/gsmconsult.com.br\/wp-content\/uploads\/2020\/10\/Logistica.png\" title=\"Logistica\" alt=\"Logistica\" srcset=\"https:\/\/gsmconsult.com.br\/wp-content\/uploads\/2020\/10\/Logistica.png 925w, https:\/\/gsmconsult.com.br\/wp-content\/uploads\/2020\/10\/Logistica-768x420.png 768w\" sizes=\"(max-width: 925px) 100vw, 925px\" \/> <\/a>\n<p>Todos os seus indicadores na tela.<br \/>Custo por Km, por Tonelada Transportada, por tipo de ve\u00edculo.<br \/>An\u00e1lise completa do resultado por tipo de ve\u00edculo.<br \/>Quais as rotas com melhores resultados.<\/p>\n<h3>Serv. Atendimento ao Cliente<\/h3> <a href=\"https:\/\/app.powerbi.com\/view?r=eyJrIjoiYjUwMzczZTUtOGFkOC00N2Y5LWJjNjgtMWFiZDQ1OTNjMjRiIiwidCI6ImIwMWRhNGE3LWFhNzQtNGE0NC04ODNjLWI3MzMzZTJhOGE1YSJ9\" rel=\"noopener\" target=\"_blank\" > <img width=\"927\" height=\"506\" src=\"https:\/\/gsmconsult.com.br\/wp-content\/uploads\/2020\/10\/SLA.png\" title=\"SLA\" alt=\"SLA\" srcset=\"https:\/\/gsmconsult.com.br\/wp-content\/uploads\/2020\/10\/SLA.png 927w, https:\/\/gsmconsult.com.br\/wp-content\/uploads\/2020\/10\/SLA-768x419.png 768w\" sizes=\"(max-width: 927px) 100vw, 927px\" \/> <\/a>\n<p>Tenha todos os dados referente aos seus atendimentos e tome as melhores decis\u00f5es para sua empresa.<\/p>\n<h3>Un. Federal Pernambuco<\/h3> <a href=\"https:\/\/app.powerbi.com\/view?r=eyJrIjoiNmZmZDEwZWQtMDRhOS00YjYzLThjOWYtNGQyZGViZDIxOWI3IiwidCI6ImIwMWRhNGE3LWFhNzQtNGE0NC04ODNjLWI3MzMzZTJhOGE1YSJ9\" rel=\"noopener\" target=\"_blank\" > <img width=\"900\" height=\"505\" src=\"https:\/\/gsmconsult.com.br\/wp-content\/uploads\/2020\/10\/UFP.png\" title=\"UFP\" alt=\"UFP\" srcset=\"https:\/\/gsmconsult.com.br\/wp-content\/uploads\/2020\/10\/UFP.png 900w, https:\/\/gsmconsult.com.br\/wp-content\/uploads\/2020\/10\/UFP-768x431.png 768w\" sizes=\"(max-width: 900px) 100vw, 900px\" \/> <\/a>\n<p>Dados p\u00fablicos da Universidade de Pernambuco.<br \/>Dashboard demonstra a diversidade de alunos por cor, cotas, defici\u00eancia, modalidade de ensino e status.<\/p>\n<h3>Transportadora<\/h3> <a href=\"https:\/\/app.powerbi.com\/view?r=eyJrIjoiNWNmYzk0ZjYtMTA0NS00Y2JkLTlkNzItOWQ5YTJiNjI1NzkzIiwidCI6ImIwMWRhNGE3LWFhNzQtNGE0NC04ODNjLWI3MzMzZTJhOGE1YSJ9&#038;pageName=ReportSection\" rel=\"noopener\" target=\"_blank\" > <img width=\"924\" height=\"510\" src=\"https:\/\/gsmconsult.com.br\/wp-content\/uploads\/2020\/10\/TSoft.png\" title=\"TSoft\" alt=\"TSoft\" srcset=\"https:\/\/gsmconsult.com.br\/wp-content\/uploads\/2020\/10\/TSoft.png 924w, https:\/\/gsmconsult.com.br\/wp-content\/uploads\/2020\/10\/TSoft-768x424.png 768w\" sizes=\"(max-width: 924px) 100vw, 924px\" \/> <\/a>\n<p>Os v\u00e1rios impostos envolvidos em um neg\u00f3cio de transportes, juntamente ao controle financeiro, facilitam a vida dos gestores na tomada de decis\u00e3o.<\/p>\n<h3>Advocacia<\/h3> <a href=\"https:\/\/app.powerbi.com\/view?r=eyJrIjoiMjAxN2E0NmYtZTNkZS00OThmLTlhNGQtYmQwNjAxOGU3YmM3IiwidCI6ImIwMWRhNGE3LWFhNzQtNGE0NC04ODNjLWI3MzMzZTJhOGE1YSJ9\" rel=\"noopener\" target=\"_blank\" > <img width=\"899\" height=\"508\" src=\"https:\/\/gsmconsult.com.br\/wp-content\/uploads\/2020\/10\/Advocacia.png\" title=\"Advocacia\" alt=\"Advocacia\" srcset=\"https:\/\/gsmconsult.com.br\/wp-content\/uploads\/2020\/10\/Advocacia.png 899w, https:\/\/gsmconsult.com.br\/wp-content\/uploads\/2020\/10\/Advocacia-300x170.png 300w, https:\/\/gsmconsult.com.br\/wp-content\/uploads\/2020\/10\/Advocacia-768x434.png 768w\" sizes=\"(max-width: 899px) 100vw, 899px\" \/> <\/a>\n<p>Nesse Dashboard podemos acompanhar os processos por fase e por advogado.<br \/>Tamb\u00e9m \u00e9 poss\u00edvel controlar os prazos e se acordos foram cumpridos.<br \/>Ou seja, todo o controle dos processos na tela, sendo poss\u00edvel inclusive o controle financeiro.<\/p>\n<h3>DESENVOLVIMENTO<\/h3> <p style=\"text-align: center;\">\u00a0 Que tal ter respostas as perguntas abaixo, na tela, constantemente atualizadas de forma autom\u00e1tica?<\/p> <p style=\"text-align: center;\">Isso e muito mais...<\/p>\n<img width=\"1280\" height=\"720\" src=\"https:\/\/gsmconsult.com.br\/wp-content\/uploads\/2020\/10\/Perguntas-BI-Vendas-1.png\" title=\"Perguntas BI Vendas\" alt=\"Perguntas BI Vendas\" srcset=\"https:\/\/gsmconsult.com.br\/wp-content\/uploads\/2020\/10\/Perguntas-BI-Vendas-1.png 1280w, https:\/\/gsmconsult.com.br\/wp-content\/uploads\/2020\/10\/Perguntas-BI-Vendas-1-300x169.png 300w, https:\/\/gsmconsult.com.br\/wp-content\/uploads\/2020\/10\/Perguntas-BI-Vendas-1-1024x576.png 1024w, https:\/\/gsmconsult.com.br\/wp-content\/uploads\/2020\/10\/Perguntas-BI-Vendas-1-768x432.png 768w\" sizes=\"(max-width: 1280px) 100vw, 1280px\" \/>\n<img width=\"1280\" height=\"720\" src=\"https:\/\/gsmconsult.com.br\/wp-content\/uploads\/2020\/10\/Perguntas-BI-Clientes-1.png\" title=\"Perguntas BI Clientes\" alt=\"Perguntas BI Clientes\" srcset=\"https:\/\/gsmconsult.com.br\/wp-content\/uploads\/2020\/10\/Perguntas-BI-Clientes-1.png 1280w, https:\/\/gsmconsult.com.br\/wp-content\/uploads\/2020\/10\/Perguntas-BI-Clientes-1-300x169.png 300w, https:\/\/gsmconsult.com.br\/wp-content\/uploads\/2020\/10\/Perguntas-BI-Clientes-1-1024x576.png 1024w, https:\/\/gsmconsult.com.br\/wp-content\/uploads\/2020\/10\/Perguntas-BI-Clientes-1-768x432.png 768w\" sizes=\"(max-width: 1280px) 100vw, 1280px\" \/>\n<img width=\"1280\" height=\"720\" src=\"https:\/\/gsmconsult.com.br\/wp-content\/uploads\/2020\/10\/Perguntas-BI-Produtos-1.png\" title=\"Perguntas BI Produtos 1\" alt=\"Perguntas BI Produtos 1\" srcset=\"https:\/\/gsmconsult.com.br\/wp-content\/uploads\/2020\/10\/Perguntas-BI-Produtos-1.png 1280w, https:\/\/gsmconsult.com.br\/wp-content\/uploads\/2020\/10\/Perguntas-BI-Produtos-1-300x169.png 300w, https:\/\/gsmconsult.com.br\/wp-content\/uploads\/2020\/10\/Perguntas-BI-Produtos-1-1024x576.png 1024w, https:\/\/gsmconsult.com.br\/wp-content\/uploads\/2020\/10\/Perguntas-BI-Produtos-1-768x432.png 768w\" sizes=\"(max-width: 1280px) 100vw, 1280px\" \/>\n<img width=\"1280\" height=\"720\" src=\"https:\/\/gsmconsult.com.br\/wp-content\/uploads\/2020\/10\/Perguntas-BI-Financeiro-1.png\" title=\"Perguntas BI Financeiro\" alt=\"Perguntas BI Financeiro\" srcset=\"https:\/\/gsmconsult.com.br\/wp-content\/uploads\/2020\/10\/Perguntas-BI-Financeiro-1.png 1280w, https:\/\/gsmconsult.com.br\/wp-content\/uploads\/2020\/10\/Perguntas-BI-Financeiro-1-300x169.png 300w, https:\/\/gsmconsult.com.br\/wp-content\/uploads\/2020\/10\/Perguntas-BI-Financeiro-1-1024x576.png 1024w, https:\/\/gsmconsult.com.br\/wp-content\/uploads\/2020\/10\/Perguntas-BI-Financeiro-1-768x432.png 768w\" sizes=\"(max-width: 1280px) 100vw, 1280px\" \/>\n<img width=\"1280\" height=\"720\" src=\"https:\/\/gsmconsult.com.br\/wp-content\/uploads\/2020\/10\/Perguntas-BI-Servicos-1.png\" title=\"Perguntas BI Servi\u00e7os\" alt=\"Perguntas BI Servi\u00e7os\" srcset=\"https:\/\/gsmconsult.com.br\/wp-content\/uploads\/2020\/10\/Perguntas-BI-Servicos-1.png 1280w, https:\/\/gsmconsult.com.br\/wp-content\/uploads\/2020\/10\/Perguntas-BI-Servicos-1-300x169.png 300w, https:\/\/gsmconsult.com.br\/wp-content\/uploads\/2020\/10\/Perguntas-BI-Servicos-1-1024x576.png 1024w, https:\/\/gsmconsult.com.br\/wp-content\/uploads\/2020\/10\/Perguntas-BI-Servicos-1-768x432.png 768w\" sizes=\"(max-width: 1280px) 100vw, 1280px\" \/>\n<img width=\"1280\" height=\"720\" src=\"https:\/\/gsmconsult.com.br\/wp-content\/uploads\/2020\/10\/Perguntas-BI-GSM-1.png\" title=\"Perguntas BI GSM\" alt=\"Perguntas BI GSM\" srcset=\"https:\/\/gsmconsult.com.br\/wp-content\/uploads\/2020\/10\/Perguntas-BI-GSM-1.png 1280w, https:\/\/gsmconsult.com.br\/wp-content\/uploads\/2020\/10\/Perguntas-BI-GSM-1-300x169.png 300w, https:\/\/gsmconsult.com.br\/wp-content\/uploads\/2020\/10\/Perguntas-BI-GSM-1-1024x576.png 1024w, https:\/\/gsmconsult.com.br\/wp-content\/uploads\/2020\/10\/Perguntas-BI-GSM-1-768x432.png 768w\" sizes=\"(max-width: 1280px) 100vw, 1280px\" \/>\n<h3>SOBRE<\/h3> <p style=\"text-align: center;\">Nossa equipe \u00e9 composta por profissionais com vasta experi\u00eancia em Power BI, gest\u00e3o e finan\u00e7as corporativas e anos de experi\u00eancia em negocia\u00e7\u00f5es, planejamento, redu\u00e7\u00e3o de custos e estrutura\u00e7\u00e3o de d\u00edvidas.<\/p>\n<img src=\"https:\/\/gsmconsult.com.br\/wp-content\/uploads\/2020\/05\/luiz-200x200.png\" width=\"200\" height=\"200\" title=\"Luiz Oliveira\" alt=\"Luiz Oliveira\" srcset=\"https:\/\/gsmconsult.com.br\/wp-content\/uploads\/2020\/05\/luiz-200x200.png 200w, https:\/\/gsmconsult.com.br\/wp-content\/uploads\/2020\/05\/luiz-300x300.png 300w\" sizes=\"(max-width: 200px) 100vw, 200px\" \/> <h3> Luiz Oliveira <\/h3>\n<p>Engenheiro, formado pela Escola de Engenharia de Lins, forma\u00e7\u00e3o em Power BI pelo Curso Completo de Leonardo Karpinski, forma\u00e7\u00e3o em Coaching pela Academia Brasileira de Coaching e Gestor Empresarial, Luiz \u00e9 s\u00f3cio-executivo da Gest\u00e3o Sob Medidas, respons\u00e1vel pela \u00e1rea comercial e pela execu\u00e7\u00e3o de projetos.<\/p> <p>Foi tamb\u00e9m respons\u00e1vel pela funda\u00e7\u00e3o da Gest\u00e3o Sob Medida em 2015, definindo seu foco no mercado de gest\u00e3o e finan\u00e7as corporativas e de estrat\u00e9gia com foco em BI: planejamento estrat\u00e9gico, business plan, redu\u00e7\u00e3o de custos, capta\u00e7\u00e3o de recursos em bancos de fomento.<\/p>\n<h3>CONFIDENCIALIDADE<\/h3> <p style=\"text-align: center;\">Valorizamos a confidencialidade dos dados de nossos clientes.<\/p> <p style=\"text-align: center;\">Todos os modelos aqui apresentados foram constru\u00eddos com dados fict\u00edcios.<\/p>\n<h3>O que \u00e9 BI?<\/h3>\n[gallery ids=\"394,395,396,397\"]\n<h3>CONTATO<\/h3> <p>[supsystic-form id=11]<\/p>\n<p>\u00a0<\/p> <h6 style=\"text-align: center;\">Desde 2015, a Consultoria GSM conta com profissionais com larga experi\u00eancia em gest\u00e3o e finan\u00e7as.<\/h6> <h6 style=\"text-align: center;\">Entre eles seu fundador: Luiz Oliveira traz inova\u00e7\u00f5es e solu\u00e7\u00f5es para sua empresa, com cases de sucesso nos segmentos de Concession\u00e1rias, Industrial, Hospitalar, entre outros.<\/h6> <h3 style=\"text-align: center;\"><br \/><a href=\"https:\/\/wa.me\/5517992226699\" target=\"_blank\" rel=\"noopener\"><strong>AGENDE UMA VISITA<\/strong><\/a><\/h3>","_links":{"self":[{"href":"https:\/\/gsmconsult.com.br\/index.php?rest_route=\/wp\/v2\/pages\/2"}],"collection":[{"href":"https:\/\/gsmconsult.com.br\/index.php?rest_route=\/wp\/v2\/pages"}],"about":[{"href":"https:\/\/gsmconsult.com.br\/index.php?rest_route=\/wp\/v2\/types\/page"}],"author":[{"embeddable":true,"href":"https:\/\/gsmconsult.com.br\/index.php?rest_route=\/wp\/v2\/users\/1"}],"replies":[{"embeddable":true,"href":"https:\/\/gsmconsult.com.br\/index.php?rest_route=%2Fwp%2Fv2%2Fcomments&post=2"}],"version-history":[{"count":305,"href":"https:\/\/gsmconsult.com.br\/index.php?rest_route=\/wp\/v2\/pages\/2\/revisions"}],"predecessor-version":[{"id":439,"href":"https:\/\/gsmconsult.com.br\/index.php?rest_route=\/wp\/v2\/pages\/2\/revisions\/439"}],"wp:attachment":[{"href":"https:\/\/gsmconsult.com.br\/index.php?rest_route=%2Fwp%2Fv2%2Fmedia&parent=2"}],"curies":[{"name":"wp","href":"https:\/\/api.w.org\/{rel}","templated":true}]}}